{"id":299,"date":"2026-03-27T02:46:20","date_gmt":"2026-03-27T05:46:20","guid":{"rendered":"https:\/\/alexpadre.online\/?post_type=product&#038;p=299"},"modified":"2026-03-27T02:46:20","modified_gmt":"2026-03-27T05:46:20","slug":"asad-elixir","status":"publish","type":"product","link":"https:\/\/alexpadre.online\/?product=asad-elixir","title":{"rendered":"Asad Elixir"},"content":{"rendered":"<p>Uma evolu\u00e7\u00e3o mais profunda e concentrada do Asad original. A abertura \u00e9 intensa, picante e cheia de tens\u00e3o, com notas de pimenta rosa, a\u00e7afr\u00e3o e toranja. O cora\u00e7\u00e3o revela uma mistura esfuma\u00e7ada de tabaco e cedro, suavizada por um toque de baunilha. Na base: patchouli terroso, ol\u00edbano resinoso, cashmeran suave e \u00e2mbar seco. Isso \u00e9 problema. E voc\u00ea nasceu para isso.<br \/>\nNotas de topo: Pimenta rosa, A\u00e7afr\u00e3o, Toranja<br \/>\nNotas de cora\u00e7\u00e3o: Tabaco, Cedro, Baunilha<br \/>\nNotas de fundo: Patchouli, Ol\u00edbano, Cashmeran, \u00c2mbar seco<\/p>\n","protected":false},"excerpt":{"rendered":"<p>Uma evolu\u00e7\u00e3o mais profunda e concentrada do Asad original. A abertura \u00e9 intensa, picante e cheia de tens\u00e3o, com notas de pimenta rosa, a\u00e7afr\u00e3o e toranja. O cora\u00e7\u00e3o revela uma mistura esfuma\u00e7ada de tabaco e cedro, suavizada por um toque de baunilha. Na base: patchouli terroso, ol\u00edbano resinoso, cashmeran suave e \u00e2mbar seco. Isso \u00e9 [&hellip;]<\/p>\n","protected":false},"featured_media":261,"comment_status":"open","ping_status":"closed","template":"","meta":[],"product_brand":[24],"product_cat":[19,18],"product_tag":[],"class_list":{"0":"post-299","1":"product","2":"type-product","3":"status-publish","4":"has-post-thumbnail","6":"product_brand-lataffa","7":"product_cat-masculino","8":"product_cat-perfumes-arabes","10":"first","11":"instock","12":"shipping-taxable","13":"purchasable","14":"product-type-simple"},"_links":{"self":[{"href":"https:\/\/alexpadre.online\/index.php?rest_route=\/wp\/v2\/product\/299","targetHints":{"allow":["GET"]}}],"collection":[{"href":"https:\/\/alexpadre.online\/index.php?rest_route=\/wp\/v2\/product"}],"about":[{"href":"https:\/\/alexpadre.online\/index.php?rest_route=\/wp\/v2\/types\/product"}],"replies":[{"embeddable":true,"href":"https:\/\/alexpadre.online\/index.php?rest_route=%2Fwp%2Fv2%2Fcomments&post=299"}],"version-history":[{"count":1,"href":"https:\/\/alexpadre.online\/index.php?rest_route=\/wp\/v2\/product\/299\/revisions"}],"predecessor-version":[{"id":300,"href":"https:\/\/alexpadre.online\/index.php?rest_route=\/wp\/v2\/product\/299\/revisions\/300"}],"wp:featuredmedia":[{"embeddable":true,"href":"https:\/\/alexpadre.online\/index.php?rest_route=\/wp\/v2\/media\/261"}],"wp:attachment":[{"href":"https:\/\/alexpadre.online\/index.php?rest_route=%2Fwp%2Fv2%2Fmedia&parent=299"}],"wp:term":[{"taxonomy":"product_brand","embeddable":true,"href":"https:\/\/alexpadre.online\/index.php?rest_route=%2Fwp%2Fv2%2Fproduct_brand&post=299"},{"taxonomy":"product_cat","embeddable":true,"href":"https:\/\/alexpadre.online\/index.php?rest_route=%2Fwp%2Fv2%2Fproduct_cat&post=299"},{"taxonomy":"product_tag","embeddable":true,"href":"https:\/\/alexpadre.online\/index.php?rest_route=%2Fwp%2Fv2%2Fproduct_tag&post=299"}],"curies":[{"name":"wp","href":"https:\/\/api.w.org\/{rel}","templated":true}]}}