{"id":291,"date":"2026-03-27T02:37:34","date_gmt":"2026-03-27T05:37:34","guid":{"rendered":"https:\/\/alexpadre.online\/?post_type=product&#038;p=291"},"modified":"2026-03-27T02:37:34","modified_gmt":"2026-03-27T05:37:34","slug":"yara-elixir","status":"publish","type":"product","link":"https:\/\/alexpadre.online\/?product=yara-elixir","title":{"rendered":"Yara Elixir"},"content":{"rendered":"<p>Uma evolu\u00e7\u00e3o mais rica do Yara original, esta fragr\u00e2ncia troca a suavidade por divers\u00e3o e um caos inebriante, algo em que voc\u00ea vai querer se envolver. Nas notas de topo, uma explos\u00e3o divertida de s&#8217;mores de morango e groselha preta agu\u00e7a os sentidos com um calor gourmand e um contraste suculento. O cora\u00e7\u00e3o desabrocha com jasmim e flor de laranjeira, adicionando uma tens\u00e3o floral que \u00e9 ao mesmo tempo atraente e provocante. Ancorando tudo, uma base de baunilha, caramelo, \u00e2mbar e alm\u00edscar \u2013 decadente, cremosa e perigosamente viciante. Isso \u00e9 problema. O tipo de problema em que voc\u00ea quer se envolver.<br \/>\nNotas de topo: S&#8217;mores de morango, Groselha preta<br \/>\nNotas de cora\u00e7\u00e3o: Jasmim, Flor de laranjeira<br \/>\nNotas de fundo: Baunilha, Caramelo, \u00c2mbar, Alm\u00edscar<\/p>\n","protected":false},"excerpt":{"rendered":"<p>Uma evolu\u00e7\u00e3o mais rica do Yara original, esta fragr\u00e2ncia troca a suavidade por divers\u00e3o e um caos inebriante, algo em que voc\u00ea vai querer se envolver. Nas notas de topo, uma explos\u00e3o divertida de s&#8217;mores de morango e groselha preta agu\u00e7a os sentidos com um calor gourmand e um contraste suculento. O cora\u00e7\u00e3o desabrocha com [&hellip;]<\/p>\n","protected":false},"featured_media":292,"comment_status":"open","ping_status":"closed","template":"","meta":[],"product_brand":[24],"product_cat":[19,18],"product_tag":[],"class_list":{"0":"post-291","1":"product","2":"type-product","3":"status-publish","4":"has-post-thumbnail","6":"product_brand-lataffa","7":"product_cat-masculino","8":"product_cat-perfumes-arabes","10":"first","11":"instock","12":"shipping-taxable","13":"purchasable","14":"product-type-simple"},"_links":{"self":[{"href":"https:\/\/alexpadre.online\/index.php?rest_route=\/wp\/v2\/product\/291","targetHints":{"allow":["GET"]}}],"collection":[{"href":"https:\/\/alexpadre.online\/index.php?rest_route=\/wp\/v2\/product"}],"about":[{"href":"https:\/\/alexpadre.online\/index.php?rest_route=\/wp\/v2\/types\/product"}],"replies":[{"embeddable":true,"href":"https:\/\/alexpadre.online\/index.php?rest_route=%2Fwp%2Fv2%2Fcomments&post=291"}],"version-history":[{"count":1,"href":"https:\/\/alexpadre.online\/index.php?rest_route=\/wp\/v2\/product\/291\/revisions"}],"predecessor-version":[{"id":293,"href":"https:\/\/alexpadre.online\/index.php?rest_route=\/wp\/v2\/product\/291\/revisions\/293"}],"wp:featuredmedia":[{"embeddable":true,"href":"https:\/\/alexpadre.online\/index.php?rest_route=\/wp\/v2\/media\/292"}],"wp:attachment":[{"href":"https:\/\/alexpadre.online\/index.php?rest_route=%2Fwp%2Fv2%2Fmedia&parent=291"}],"wp:term":[{"taxonomy":"product_brand","embeddable":true,"href":"https:\/\/alexpadre.online\/index.php?rest_route=%2Fwp%2Fv2%2Fproduct_brand&post=291"},{"taxonomy":"product_cat","embeddable":true,"href":"https:\/\/alexpadre.online\/index.php?rest_route=%2Fwp%2Fv2%2Fproduct_cat&post=291"},{"taxonomy":"product_tag","embeddable":true,"href":"https:\/\/alexpadre.online\/index.php?rest_route=%2Fwp%2Fv2%2Fproduct_tag&post=291"}],"curies":[{"name":"wp","href":"https:\/\/api.w.org\/{rel}","templated":true}]}}