{"id":287,"date":"2026-03-27T02:29:50","date_gmt":"2026-03-27T05:29:50","guid":{"rendered":"https:\/\/alexpadre.online\/?post_type=product&#038;p=287"},"modified":"2026-03-27T02:49:40","modified_gmt":"2026-03-27T05:49:40","slug":"al-noble-ameer","status":"publish","type":"product","link":"https:\/\/alexpadre.online\/?product=al-noble-ameer","title":{"rendered":"Al Noble Ameer"},"content":{"rendered":"<p>Ameer, da Lattafa Perfumes, \u00e9 uma fragr\u00e2ncia unissex. As notas de topo s\u00e3o ma\u00e7\u00e3, pimenta rosa e alecrim; as notas de cora\u00e7\u00e3o s\u00e3o cravo e notas florais; as notas de fundo s\u00e3o oud, patchouli, cipreste, l\u00e1dano e vetiver.<\/p>\n<p>Notas de topo: Pimenta rosa, ma\u00e7\u00e3, alecrim<\/p>\n<p>Notas de cora\u00e7\u00e3o: Cravo, notas florais<\/p>\n<p>Notas de fundo: Oud, l\u00e1dano, patchouli, cipreste, vetiver<\/p>\n","protected":false},"excerpt":{"rendered":"<p>Ameer, da Lattafa Perfumes, \u00e9 uma fragr\u00e2ncia unissex. As notas de topo s\u00e3o ma\u00e7\u00e3, pimenta rosa e alecrim; as notas de cora\u00e7\u00e3o s\u00e3o cravo e notas florais; as notas de fundo s\u00e3o oud, patchouli, cipreste, l\u00e1dano e vetiver. Notas de topo: Pimenta rosa, ma\u00e7\u00e3, alecrim Notas de cora\u00e7\u00e3o: Cravo, notas florais Notas de fundo: Oud, [&hellip;]<\/p>\n","protected":false},"featured_media":271,"comment_status":"open","ping_status":"closed","template":"","meta":[],"product_brand":[24],"product_cat":[17],"product_tag":[],"class_list":{"0":"post-287","1":"product","2":"type-product","3":"status-publish","4":"has-post-thumbnail","6":"product_brand-lataffa","7":"product_cat-feminino","9":"first","10":"instock","11":"shipping-taxable","12":"purchasable","13":"product-type-simple"},"_links":{"self":[{"href":"https:\/\/alexpadre.online\/index.php?rest_route=\/wp\/v2\/product\/287","targetHints":{"allow":["GET"]}}],"collection":[{"href":"https:\/\/alexpadre.online\/index.php?rest_route=\/wp\/v2\/product"}],"about":[{"href":"https:\/\/alexpadre.online\/index.php?rest_route=\/wp\/v2\/types\/product"}],"replies":[{"embeddable":true,"href":"https:\/\/alexpadre.online\/index.php?rest_route=%2Fwp%2Fv2%2Fcomments&post=287"}],"version-history":[{"count":1,"href":"https:\/\/alexpadre.online\/index.php?rest_route=\/wp\/v2\/product\/287\/revisions"}],"predecessor-version":[{"id":288,"href":"https:\/\/alexpadre.online\/index.php?rest_route=\/wp\/v2\/product\/287\/revisions\/288"}],"wp:featuredmedia":[{"embeddable":true,"href":"https:\/\/alexpadre.online\/index.php?rest_route=\/wp\/v2\/media\/271"}],"wp:attachment":[{"href":"https:\/\/alexpadre.online\/index.php?rest_route=%2Fwp%2Fv2%2Fmedia&parent=287"}],"wp:term":[{"taxonomy":"product_brand","embeddable":true,"href":"https:\/\/alexpadre.online\/index.php?rest_route=%2Fwp%2Fv2%2Fproduct_brand&post=287"},{"taxonomy":"product_cat","embeddable":true,"href":"https:\/\/alexpadre.online\/index.php?rest_route=%2Fwp%2Fv2%2Fproduct_cat&post=287"},{"taxonomy":"product_tag","embeddable":true,"href":"https:\/\/alexpadre.online\/index.php?rest_route=%2Fwp%2Fv2%2Fproduct_tag&post=287"}],"curies":[{"name":"wp","href":"https:\/\/api.w.org\/{rel}","templated":true}]}}