{"id":285,"date":"2026-03-27T02:27:40","date_gmt":"2026-03-27T05:27:40","guid":{"rendered":"https:\/\/alexpadre.online\/?post_type=product&#038;p=285"},"modified":"2026-03-27T02:33:42","modified_gmt":"2026-03-27T05:33:42","slug":"al-noble-safeer","status":"publish","type":"product","link":"https:\/\/alexpadre.online\/?product=al-noble-safeer","title":{"rendered":"Al Noble Safeer"},"content":{"rendered":"<p>Viva uma jornada cativante com esta fragr\u00e2ncia sofisticada. Lattafa Safeer abre com notas vibrantes de artem\u00edsia e bergamota, evoluindo para um cora\u00e7\u00e3o de ervas e especiarias arom\u00e1ticas, e assentando-se numa base rica e amadeirada de cedro, patchouli e vetiver. Um aroma verdadeiramente nobre e duradouro.<\/p>\n<p>Notas de Topo<\/p>\n<p>Gengibre, Pimenta Preta, Bergamota, Toranja<br \/>\nNotas de Cora\u00e7\u00e3o<\/p>\n<p>Heliotr\u00f3pio, Jasmim, Caramelo<\/p>\n<p>Notas de Fundo<\/p>\n<p>Alm\u00edscar, Cipriol, Cashmere, \u00c2mbar Cinzento, Baunilha, Madeira de Guaiaco<\/p>\n","protected":false},"excerpt":{"rendered":"<p>Viva uma jornada cativante com esta fragr\u00e2ncia sofisticada. Lattafa Safeer abre com notas vibrantes de artem\u00edsia e bergamota, evoluindo para um cora\u00e7\u00e3o de ervas e especiarias arom\u00e1ticas, e assentando-se numa base rica e amadeirada de cedro, patchouli e vetiver. Um aroma verdadeiramente nobre e duradouro. Notas de Topo Gengibre, Pimenta Preta, Bergamota, Toranja Notas de [&hellip;]<\/p>\n","protected":false},"featured_media":275,"comment_status":"open","ping_status":"closed","template":"elementor_header_footer","meta":[],"product_brand":[24],"product_cat":[19,18],"product_tag":[],"class_list":{"0":"post-285","1":"product","2":"type-product","3":"status-publish","4":"has-post-thumbnail","6":"product_brand-lataffa","7":"product_cat-masculino","8":"product_cat-perfumes-arabes","10":"first","11":"instock","12":"shipping-taxable","13":"purchasable","14":"product-type-simple"},"_links":{"self":[{"href":"https:\/\/alexpadre.online\/index.php?rest_route=\/wp\/v2\/product\/285","targetHints":{"allow":["GET"]}}],"collection":[{"href":"https:\/\/alexpadre.online\/index.php?rest_route=\/wp\/v2\/product"}],"about":[{"href":"https:\/\/alexpadre.online\/index.php?rest_route=\/wp\/v2\/types\/product"}],"replies":[{"embeddable":true,"href":"https:\/\/alexpadre.online\/index.php?rest_route=%2Fwp%2Fv2%2Fcomments&post=285"}],"version-history":[{"count":1,"href":"https:\/\/alexpadre.online\/index.php?rest_route=\/wp\/v2\/product\/285\/revisions"}],"predecessor-version":[{"id":286,"href":"https:\/\/alexpadre.online\/index.php?rest_route=\/wp\/v2\/product\/285\/revisions\/286"}],"wp:featuredmedia":[{"embeddable":true,"href":"https:\/\/alexpadre.online\/index.php?rest_route=\/wp\/v2\/media\/275"}],"wp:attachment":[{"href":"https:\/\/alexpadre.online\/index.php?rest_route=%2Fwp%2Fv2%2Fmedia&parent=285"}],"wp:term":[{"taxonomy":"product_brand","embeddable":true,"href":"https:\/\/alexpadre.online\/index.php?rest_route=%2Fwp%2Fv2%2Fproduct_brand&post=285"},{"taxonomy":"product_cat","embeddable":true,"href":"https:\/\/alexpadre.online\/index.php?rest_route=%2Fwp%2Fv2%2Fproduct_cat&post=285"},{"taxonomy":"product_tag","embeddable":true,"href":"https:\/\/alexpadre.online\/index.php?rest_route=%2Fwp%2Fv2%2Fproduct_tag&post=285"}],"curies":[{"name":"wp","href":"https:\/\/api.w.org\/{rel}","templated":true}]}}